{"id":15108,"date":"2026-03-27T15:21:44","date_gmt":"2026-03-27T14:21:44","guid":{"rendered":"https:\/\/www.hotelbrezovica.sk\/pokoje-i-apartamenty\/"},"modified":"2026-03-28T21:52:13","modified_gmt":"2026-03-28T20:52:13","slug":"pokoje-i-apartamenty","status":"publish","type":"page","link":"https:\/\/www.hotelbrezovica.sk\/pl\/pokoje-i-apartamenty\/","title":{"rendered":"Pokoje i Apartamenty"},"content":{"rendered":"\t\t<div data-elementor-type=\"wp-page\" data-elementor-id=\"15108\" class=\"elementor elementor-15108 elementor-14987\">\n\t\t\t\t<div class=\"elementor-element elementor-element-b47e874 e-flex e-con-boxed e-con e-parent\" data-id=\"b47e874\" data-element_type=\"container\" data-e-type=\"container\" data-settings=\"{&quot;background_background&quot;:&quot;classic&quot;}\">\n\t\t\t\t\t<div class=\"e-con-inner\">\n\t\t\t\t<div class=\"elementor-element elementor-element-df44258 animated-fast elementor-invisible elementor-widget elementor-widget-heading\" data-id=\"df44258\" data-element_type=\"widget\" data-e-type=\"widget\" data-settings=\"{&quot;_animation&quot;:&quot;opal-move-up&quot;}\" data-widget_type=\"heading.default\">\n\t\t\t\t<div class=\"elementor-widget-container\">\n\t\t\t\t\t<h1 class=\"elementor-heading-title elementor-size-default\">Pokoje i Apartamenty<\/h1>\t\t\t\t<\/div>\n\t\t\t\t<\/div>\n\t\t\t\t<div class=\"elementor-element elementor-element-62457d8 animated-fast elementor-invisible elementor-widget elementor-widget-text-editor\" data-id=\"62457d8\" data-element_type=\"widget\" data-e-type=\"widget\" data-settings=\"{&quot;_animation&quot;:&quot;opal-move-up&quot;,&quot;_animation_delay&quot;:300}\" data-widget_type=\"text-editor.default\">\n\t\t\t\t<div class=\"elementor-widget-container\">\n\t\t\t\t\t\t\t\t\t<p>Nowe i nowoczesne pokoje w stylu g\u00f3rskim<\/p>\t\t\t\t\t\t\t\t<\/div>\n\t\t\t\t<\/div>\n\t\t\t\t\t<\/div>\n\t\t\t\t<\/div>\n\t\t                <div class=\"custom-elementor-parallax\" data-id=\"b47e874\" data-settings=\"{&quot;type&quot;:&quot;scroll&quot;,&quot;speed&quot;:&quot;1.2&quot;,&quot;keepImg&quot;:&quot;true&quot;,&quot;imgSize&quot;:&quot;cover&quot;,&quot;imgPosition&quot;:&quot;50% 0%&quot;,&quot;noAndroid&quot;:&quot;false&quot;,&quot;noIos&quot;:&quot;false&quot;}\"><\/div>\n            <div class=\"elementor-element elementor-element-091ff33 e-flex e-con-boxed e-con e-parent\" data-id=\"091ff33\" data-element_type=\"container\" data-e-type=\"container\">\n\t\t\t\t\t<div class=\"e-con-inner\">\n\t\t\t\t<div class=\"elementor-element elementor-element-07928da elementor-widget elementor-widget-babe-all-items\" data-id=\"07928da\" data-element_type=\"widget\" data-e-type=\"widget\" data-widget_type=\"babe-all-items.default\">\n\t\t\t\t<div class=\"elementor-widget-container\">\n\t\t\t\t\t\n            <div class=\"babe_shortcode_block sc_all_items  all-items-4\">\n                <div class=\"babe_shortcode_block_bg_inner\">\n                    <div class=\"babe_shortcode_block_inner d-grid\">\n                        <div class=\"babe_items babe_items_4 grid-item\">\n    <div class=\"babe_all_items_item_inner\">\n        <div class=\"item_img\">\n            <div class=\"items_labels\">\n                            <\/div>\n<!-- zobrazenie ceny zakomentovan\u00e9\n            <div class=\"item_info_price\">\n                <label>from<\/label>\n                <span class=\"item_info_price_new\"><span class=\"currency_amount\" data-amount=\"0\"><span class=\"currency_symbol\">&#36;<\/span>0.00<\/span><\/span>\n                  per noc                            <\/div>\n-->\n            <a class=\"item-thumb\" href=\"https:\/\/www.hotelbrezovica.sk\/pl\/pokoj\/pokoj-dwuosobowy-standardowy-21\/\"><img decoding=\"async\" src=\"https:\/\/www.hotelbrezovica.sk\/wp-content\/uploads\/2026\/03\/Dvojlozkova-izba-standard_11.jpg\" alt=\"Pok\u00f3j dwuosobowy 2+1\"><\/a>            <a class=\"item_more_link\" href=\"https:\/\/www.hotelbrezovica.sk\/pl\/pokoj\/pokoj-dwuosobowy-standardowy-21\/\">\n                <i class=\"amoja-icon-angle-right\"><\/i>\n            <\/a>\n        <\/div>\n        <div class=\"item_text\">\n            <div class=\"item_title omega\">\n                <a href=\"https:\/\/www.hotelbrezovica.sk\/pl\/pokoj\/pokoj-dwuosobowy-standardowy-21\/\">Pok\u00f3j dwuosobowy 2+1<\/a>\n            <\/div>\n            <div class=\"item-meta\">\n                                    <div class=\"item-room-area\">\n                        <span>\n                            14M2                        <\/span>\n                    <\/div>\n                                                    <div class=\"item-room-guests\">\n                        <span>\n                            1-3 osoby                        <\/span>\n                    <\/div>\n                                                    <div class=\"item-room-beds\">\n                        <span>\n                            2 \u0142\u00f3\u017cka                        <\/span>\n                    <\/div>\n                            <\/div>\n            <div class=\"item-excerpt\">\n                Pokoje zapewniaj\u0105 naszym go\u015bciom idealny relaks po wyczerpuj\u0105cej w\u0119dr\u00f3wce lub je\u017adzie na nartach. Nowo wyremontowany pok\u00f3j oferuje komfortowe zakwaterowanie w nowoczesnym, g\u00f3rskim stylu. Pok\u00f3j sk\u0142ada...            <\/div>\n        <\/div>\n    <\/div>\n<\/div><div class=\"babe_items babe_items_4 grid-item\">\n    <div class=\"babe_all_items_item_inner\">\n        <div class=\"item_img\">\n            <div class=\"items_labels\">\n                            <\/div>\n<!-- zobrazenie ceny zakomentovan\u00e9\n            <div class=\"item_info_price\">\n                <label>from<\/label>\n                <span class=\"item_info_price_new\"><span class=\"currency_amount\" data-amount=\"0\"><span class=\"currency_symbol\">&#36;<\/span>0.00<\/span><\/span>\n                  per noc                            <\/div>\n-->\n            <a class=\"item-thumb\" href=\"https:\/\/www.hotelbrezovica.sk\/pl\/pokoj\/pokoj-dwuosobowy-standardowy\/\"><img decoding=\"async\" src=\"https:\/\/www.hotelbrezovica.sk\/wp-content\/uploads\/2026\/03\/Dvojlozkova-izba-standard_6.jpg\" alt=\"Pok\u00f3j dwuosobowy\"><\/a>            <a class=\"item_more_link\" href=\"https:\/\/www.hotelbrezovica.sk\/pl\/pokoj\/pokoj-dwuosobowy-standardowy\/\">\n                <i class=\"amoja-icon-angle-right\"><\/i>\n            <\/a>\n        <\/div>\n        <div class=\"item_text\">\n            <div class=\"item_title omega\">\n                <a href=\"https:\/\/www.hotelbrezovica.sk\/pl\/pokoj\/pokoj-dwuosobowy-standardowy\/\">Pok\u00f3j dwuosobowy<\/a>\n            <\/div>\n            <div class=\"item-meta\">\n                                    <div class=\"item-room-area\">\n                        <span>\n                            14M2                        <\/span>\n                    <\/div>\n                                                    <div class=\"item-room-guests\">\n                        <span>\n                            1-2 osoby                        <\/span>\n                    <\/div>\n                                                    <div class=\"item-room-beds\">\n                        <span>\n                            1 poste\u013e                        <\/span>\n                    <\/div>\n                            <\/div>\n            <div class=\"item-excerpt\">\n                Pokoje zapewniaj\u0105 naszym go\u015bciom idealny relaks po wyczerpuj\u0105cej w\u0119dr\u00f3wce lub je\u017adzie na nartach. Nowo wyremontowany pok\u00f3j oferuje komfortowe zakwaterowanie w nowoczesnym, g\u00f3rskim stylu. Pok\u00f3j sk\u0142ada...            <\/div>\n        <\/div>\n    <\/div>\n<\/div><div class=\"babe_items babe_items_4 grid-item\">\n    <div class=\"babe_all_items_item_inner\">\n        <div class=\"item_img\">\n            <div class=\"items_labels\">\n                            <\/div>\n<!-- zobrazenie ceny zakomentovan\u00e9\n            <div class=\"item_info_price\">\n                <label>from<\/label>\n                <span class=\"item_info_price_new\"><span class=\"currency_amount\" data-amount=\"0\"><span class=\"currency_symbol\">&#36;<\/span>0.00<\/span><\/span>\n                  per noc                            <\/div>\n-->\n            <a class=\"item-thumb\" href=\"https:\/\/www.hotelbrezovica.sk\/pl\/pokoj\/apartament-standard-42\/\"><img decoding=\"async\" src=\"https:\/\/www.hotelbrezovica.sk\/wp-content\/uploads\/2026\/03\/Hotel-Brezovica-Apartman-Standard_3.jpg\" alt=\"Apartament 4+2\"><\/a>            <a class=\"item_more_link\" href=\"https:\/\/www.hotelbrezovica.sk\/pl\/pokoj\/apartament-standard-42\/\">\n                <i class=\"amoja-icon-angle-right\"><\/i>\n            <\/a>\n        <\/div>\n        <div class=\"item_text\">\n            <div class=\"item_title omega\">\n                <a href=\"https:\/\/www.hotelbrezovica.sk\/pl\/pokoj\/apartament-standard-42\/\">Apartament 4+2<\/a>\n            <\/div>\n            <div class=\"item-meta\">\n                                    <div class=\"item-room-area\">\n                        <span>\n                            28M2                        <\/span>\n                    <\/div>\n                                                    <div class=\"item-room-guests\">\n                        <span>\n                            1-6 os\u00f3b                        <\/span>\n                    <\/div>\n                                                    <div class=\"item-room-beds\">\n                        <span>\n                            3 \u0142\u00f3\u017cka                        <\/span>\n                    <\/div>\n                            <\/div>\n            <div class=\"item-excerpt\">\n                Przestronny apartament zapewnia naszym go\u015bciom idealny relaks po wyczerpuj\u0105cej w\u0119dr\u00f3wce lub je\u017adzie na nartach. Nowo wyremontowany apartament 4+2 oferuje komfortowe zakwaterowanie w nowoczesnym, g\u00f3rskim stylu....            <\/div>\n        <\/div>\n    <\/div>\n<\/div><div class=\"babe_items babe_items_4 grid-item\">\n    <div class=\"babe_all_items_item_inner\">\n        <div class=\"item_img\">\n            <div class=\"items_labels\">\n                            <\/div>\n<!-- zobrazenie ceny zakomentovan\u00e9\n            <div class=\"item_info_price\">\n                <label>from<\/label>\n                <span class=\"item_info_price_new\"><span class=\"currency_amount\" data-amount=\"0\"><span class=\"currency_symbol\">&#36;<\/span>0.00<\/span><\/span>\n                  per noc                            <\/div>\n-->\n            <a class=\"item-thumb\" href=\"https:\/\/www.hotelbrezovica.sk\/pl\/pokoj\/apartament-standardowy-41\/\"><img decoding=\"async\" src=\"https:\/\/www.hotelbrezovica.sk\/wp-content\/uploads\/2026\/03\/Hotel-Brezovica-Apartman-Standard_1.jpg\" alt=\"Apartament 4+1\"><\/a>            <a class=\"item_more_link\" href=\"https:\/\/www.hotelbrezovica.sk\/pl\/pokoj\/apartament-standardowy-41\/\">\n                <i class=\"amoja-icon-angle-right\"><\/i>\n            <\/a>\n        <\/div>\n        <div class=\"item_text\">\n            <div class=\"item_title omega\">\n                <a href=\"https:\/\/www.hotelbrezovica.sk\/pl\/pokoj\/apartament-standardowy-41\/\">Apartament 4+1<\/a>\n            <\/div>\n            <div class=\"item-meta\">\n                                    <div class=\"item-room-area\">\n                        <span>\n                            28M2                        <\/span>\n                    <\/div>\n                                                    <div class=\"item-room-guests\">\n                        <span>\n                            1-5 os\u00f3b                        <\/span>\n                    <\/div>\n                                                    <div class=\"item-room-beds\">\n                        <span>\n                            3 \u0142\u00f3\u017cka                        <\/span>\n                    <\/div>\n                            <\/div>\n            <div class=\"item-excerpt\">\n                Przestronny apartament zapewnia naszym go\u015bciom idealny relaks po wyczerpuj\u0105cej w\u0119dr\u00f3wce lub je\u017adzie na nartach. Nowo wyremontowany apartament 4+1 oferuje komfortowe zakwaterowanie w nowoczesnym, g\u00f3rskim stylu....            <\/div>\n        <\/div>\n    <\/div>\n<\/div><div class=\"babe_items babe_items_4 grid-item\">\n    <div class=\"babe_all_items_item_inner\">\n        <div class=\"item_img\">\n            <div class=\"items_labels\">\n                            <\/div>\n<!-- zobrazenie ceny zakomentovan\u00e9\n            <div class=\"item_info_price\">\n                <label>from<\/label>\n                <span class=\"item_info_price_new\"><span class=\"currency_amount\" data-amount=\"75\"><span class=\"currency_symbol\">&#36;<\/span>75.00<\/span><\/span>\n                  per noc                            <\/div>\n-->\n            <a class=\"item-thumb\" href=\"https:\/\/www.hotelbrezovica.sk\/pl\/pokoj\/pokoj-dwuosobowy-23\/\"><img decoding=\"async\" src=\"https:\/\/www.hotelbrezovica.sk\/wp-content\/uploads\/2026\/03\/Hotel-Brezovica-Apartman-Standard_6.jpg\" alt=\"Pok\u00f3j dwuosobowy 2+3\"><\/a>            <a class=\"item_more_link\" href=\"https:\/\/www.hotelbrezovica.sk\/pl\/pokoj\/pokoj-dwuosobowy-23\/\">\n                <i class=\"amoja-icon-angle-right\"><\/i>\n            <\/a>\n        <\/div>\n        <div class=\"item_text\">\n            <div class=\"item_title omega\">\n                <a href=\"https:\/\/www.hotelbrezovica.sk\/pl\/pokoj\/pokoj-dwuosobowy-23\/\">Pok\u00f3j dwuosobowy 2+3<\/a>\n            <\/div>\n            <div class=\"item-meta\">\n                                    <div class=\"item-room-area\">\n                        <span>\n                            21M2                        <\/span>\n                    <\/div>\n                                                    <div class=\"item-room-guests\">\n                        <span>\n                            1-5 os\u00f3b                        <\/span>\n                    <\/div>\n                                                    <div class=\"item-room-beds\">\n                        <span>\n                            3 \u0142\u00f3\u017cka                        <\/span>\n                    <\/div>\n                            <\/div>\n            <div class=\"item-excerpt\">\n                Przestronny pok\u00f3j zapewnia naszym go\u015bciom idealny relaks po wyczerpuj\u0105cej w\u0119dr\u00f3wce lub je\u017adzie na nartach. Nowo wyremontowany pok\u00f3j dwuosobowy 2+3 oferuje komfortowe zakwaterowanie w nowoczesnym, g\u00f3rskim...            <\/div>\n        <\/div>\n    <\/div>\n<\/div>\n                    <\/div>\n                <\/div>\n            <\/div>\n\t\t\t        \t\t\t\t<\/div>\n\t\t\t\t<\/div>\n\t\t\t\t\t<\/div>\n\t\t\t\t<\/div>\n\t\t\t\t<\/div>\n\t\t","protected":false},"excerpt":{"rendered":"<p>Pokoje i Apartamenty Nowe i nowoczesne pokoje w stylu g\u00f3rskim<\/p>\n","protected":false},"author":1,"featured_media":0,"parent":0,"menu_order":0,"comment_status":"closed","ping_status":"closed","template":"","meta":{"_acf_changed":false,"inline_featured_image":false,"footnotes":""},"class_list":["post-15108","page","type-page","status-publish","hentry"],"acf":[],"yoast_head":"<!-- This site is optimized with the Yoast SEO plugin v27.4 - https:\/\/yoast.com\/product\/yoast-seo-wordpress\/ -->\n<title>Pokoje i Apartamenty - Horsk\u00fd Hotel Brezovica<\/title>\n<meta name=\"description\" content=\"Hotel G\u00f3rski Brezovica oferuje odnowione pokoje i apartamenty dla par i rodzin z dzie\u0107mi. Odkryj pokoje i zarezerwuj pobyt w Brezovicy.\" \/>\n<meta name=\"robots\" content=\"index, follow, max-snippet:-1, max-image-preview:large, max-video-preview:-1\" \/>\n<link rel=\"canonical\" href=\"https:\/\/www.hotelbrezovica.sk\/pl\/pokoje-i-apartamenty\/\" \/>\n<meta property=\"og:locale\" content=\"pl_PL\" \/>\n<meta property=\"og:type\" content=\"article\" \/>\n<meta property=\"og:title\" content=\"Pokoje i Apartamenty - Horsk\u00fd Hotel Brezovica\" \/>\n<meta property=\"og:description\" content=\"Hotel G\u00f3rski Brezovica oferuje odnowione pokoje i apartamenty dla par i rodzin z dzie\u0107mi. Odkryj pokoje i zarezerwuj pobyt w Brezovicy.\" \/>\n<meta property=\"og:url\" content=\"https:\/\/www.hotelbrezovica.sk\/pl\/pokoje-i-apartamenty\/\" \/>\n<meta property=\"og:site_name\" content=\"Horsk\u00fd Hotel Brezovica\" \/>\n<meta property=\"article:publisher\" content=\"https:\/\/www.facebook.com\/brezovicahorskyhotel\" \/>\n<meta property=\"article:modified_time\" content=\"2026-03-28T20:52:13+00:00\" \/>\n<meta property=\"og:image\" content=\"https:\/\/www.hotelbrezovica.sk\/wp-content\/uploads\/2025\/04\/Horsky-Hotel-Brezovica-Orava.jpg\" \/>\n\t<meta property=\"og:image:width\" content=\"2000\" \/>\n\t<meta property=\"og:image:height\" content=\"1124\" \/>\n\t<meta property=\"og:image:type\" content=\"image\/jpeg\" \/>\n<meta name=\"twitter:card\" content=\"summary_large_image\" \/>\n<meta name=\"twitter:label1\" content=\"Szacowany czas czytania\" \/>\n\t<meta name=\"twitter:data1\" content=\"1 minuta\" \/>\n<script type=\"application\/ld+json\" class=\"yoast-schema-graph\">{\"@context\":\"https:\\\/\\\/schema.org\",\"@graph\":[{\"@type\":\"WebPage\",\"@id\":\"https:\\\/\\\/www.hotelbrezovica.sk\\\/pl\\\/pokoje-i-apartamenty\\\/\",\"url\":\"https:\\\/\\\/www.hotelbrezovica.sk\\\/pl\\\/pokoje-i-apartamenty\\\/\",\"name\":\"Pokoje i Apartamenty - Horsk\u00fd Hotel Brezovica\",\"isPartOf\":{\"@id\":\"https:\\\/\\\/www.hotelbrezovica.sk\\\/pl\\\/#website\"},\"datePublished\":\"2026-03-27T14:21:44+00:00\",\"dateModified\":\"2026-03-28T20:52:13+00:00\",\"description\":\"Hotel G\u00f3rski Brezovica oferuje odnowione pokoje i apartamenty dla par i rodzin z dzie\u0107mi. Odkryj pokoje i zarezerwuj pobyt w Brezovicy.\",\"breadcrumb\":{\"@id\":\"https:\\\/\\\/www.hotelbrezovica.sk\\\/pl\\\/pokoje-i-apartamenty\\\/#breadcrumb\"},\"inLanguage\":\"pl-PL\",\"potentialAction\":[{\"@type\":\"ReadAction\",\"target\":[\"https:\\\/\\\/www.hotelbrezovica.sk\\\/pl\\\/pokoje-i-apartamenty\\\/\"]}]},{\"@type\":\"BreadcrumbList\",\"@id\":\"https:\\\/\\\/www.hotelbrezovica.sk\\\/pl\\\/pokoje-i-apartamenty\\\/#breadcrumb\",\"itemListElement\":[{\"@type\":\"ListItem\",\"position\":1,\"name\":\"Home\",\"item\":\"https:\\\/\\\/www.hotelbrezovica.sk\\\/pl\\\/\"},{\"@type\":\"ListItem\",\"position\":2,\"name\":\"Pokoje i Apartamenty\"}]},{\"@type\":\"WebSite\",\"@id\":\"https:\\\/\\\/www.hotelbrezovica.sk\\\/pl\\\/#website\",\"url\":\"https:\\\/\\\/www.hotelbrezovica.sk\\\/pl\\\/\",\"name\":\"Horsk\u00fd Hotel Brezovica\",\"description\":\"Ski Centrum &amp; Hotel\",\"publisher\":{\"@id\":\"https:\\\/\\\/www.hotelbrezovica.sk\\\/pl\\\/#organization\"},\"potentialAction\":[{\"@type\":\"SearchAction\",\"target\":{\"@type\":\"EntryPoint\",\"urlTemplate\":\"https:\\\/\\\/www.hotelbrezovica.sk\\\/pl\\\/?s={search_term_string}\"},\"query-input\":{\"@type\":\"PropertyValueSpecification\",\"valueRequired\":true,\"valueName\":\"search_term_string\"}}],\"inLanguage\":\"pl-PL\"},{\"@type\":\"Organization\",\"@id\":\"https:\\\/\\\/www.hotelbrezovica.sk\\\/pl\\\/#organization\",\"name\":\"Oravsk\u00fd H\u00e1j\",\"url\":\"https:\\\/\\\/www.hotelbrezovica.sk\\\/pl\\\/\",\"logo\":{\"@type\":\"ImageObject\",\"inLanguage\":\"pl-PL\",\"@id\":\"https:\\\/\\\/www.hotelbrezovica.sk\\\/pl\\\/#\\\/schema\\\/logo\\\/image\\\/\",\"url\":\"https:\\\/\\\/www.hotelbrezovica.sk\\\/wp-content\\\/uploads\\\/2024\\\/11\\\/logo-brezovica-2026.png\",\"contentUrl\":\"https:\\\/\\\/www.hotelbrezovica.sk\\\/wp-content\\\/uploads\\\/2024\\\/11\\\/logo-brezovica-2026.png\",\"width\":600,\"height\":373,\"caption\":\"Oravsk\u00fd H\u00e1j\"},\"image\":{\"@id\":\"https:\\\/\\\/www.hotelbrezovica.sk\\\/pl\\\/#\\\/schema\\\/logo\\\/image\\\/\"},\"sameAs\":[\"https:\\\/\\\/www.facebook.com\\\/brezovicahorskyhotel\",\"https:\\\/\\\/www.instagram.com\\\/horsky_hotel_brezovica\\\/\"]}]}<\/script>\n<!-- \/ Yoast SEO plugin. -->","yoast_head_json":{"title":"Pokoje i Apartamenty - Horsk\u00fd Hotel Brezovica","description":"Hotel G\u00f3rski Brezovica oferuje odnowione pokoje i apartamenty dla par i rodzin z dzie\u0107mi. Odkryj pokoje i zarezerwuj pobyt w Brezovicy.","robots":{"index":"index","follow":"follow","max-snippet":"max-snippet:-1","max-image-preview":"max-image-preview:large","max-video-preview":"max-video-preview:-1"},"canonical":"https:\/\/www.hotelbrezovica.sk\/pl\/pokoje-i-apartamenty\/","og_locale":"pl_PL","og_type":"article","og_title":"Pokoje i Apartamenty - Horsk\u00fd Hotel Brezovica","og_description":"Hotel G\u00f3rski Brezovica oferuje odnowione pokoje i apartamenty dla par i rodzin z dzie\u0107mi. Odkryj pokoje i zarezerwuj pobyt w Brezovicy.","og_url":"https:\/\/www.hotelbrezovica.sk\/pl\/pokoje-i-apartamenty\/","og_site_name":"Horsk\u00fd Hotel Brezovica","article_publisher":"https:\/\/www.facebook.com\/brezovicahorskyhotel","article_modified_time":"2026-03-28T20:52:13+00:00","og_image":[{"width":2000,"height":1124,"url":"https:\/\/www.hotelbrezovica.sk\/wp-content\/uploads\/2025\/04\/Horsky-Hotel-Brezovica-Orava.jpg","type":"image\/jpeg"}],"twitter_card":"summary_large_image","twitter_misc":{"Szacowany czas czytania":"1 minuta"},"schema":{"@context":"https:\/\/schema.org","@graph":[{"@type":"WebPage","@id":"https:\/\/www.hotelbrezovica.sk\/pl\/pokoje-i-apartamenty\/","url":"https:\/\/www.hotelbrezovica.sk\/pl\/pokoje-i-apartamenty\/","name":"Pokoje i Apartamenty - Horsk\u00fd Hotel Brezovica","isPartOf":{"@id":"https:\/\/www.hotelbrezovica.sk\/pl\/#website"},"datePublished":"2026-03-27T14:21:44+00:00","dateModified":"2026-03-28T20:52:13+00:00","description":"Hotel G\u00f3rski Brezovica oferuje odnowione pokoje i apartamenty dla par i rodzin z dzie\u0107mi. Odkryj pokoje i zarezerwuj pobyt w Brezovicy.","breadcrumb":{"@id":"https:\/\/www.hotelbrezovica.sk\/pl\/pokoje-i-apartamenty\/#breadcrumb"},"inLanguage":"pl-PL","potentialAction":[{"@type":"ReadAction","target":["https:\/\/www.hotelbrezovica.sk\/pl\/pokoje-i-apartamenty\/"]}]},{"@type":"BreadcrumbList","@id":"https:\/\/www.hotelbrezovica.sk\/pl\/pokoje-i-apartamenty\/#breadcrumb","itemListElement":[{"@type":"ListItem","position":1,"name":"Home","item":"https:\/\/www.hotelbrezovica.sk\/pl\/"},{"@type":"ListItem","position":2,"name":"Pokoje i Apartamenty"}]},{"@type":"WebSite","@id":"https:\/\/www.hotelbrezovica.sk\/pl\/#website","url":"https:\/\/www.hotelbrezovica.sk\/pl\/","name":"Horsk\u00fd Hotel Brezovica","description":"Ski Centrum &amp; Hotel","publisher":{"@id":"https:\/\/www.hotelbrezovica.sk\/pl\/#organization"},"potentialAction":[{"@type":"SearchAction","target":{"@type":"EntryPoint","urlTemplate":"https:\/\/www.hotelbrezovica.sk\/pl\/?s={search_term_string}"},"query-input":{"@type":"PropertyValueSpecification","valueRequired":true,"valueName":"search_term_string"}}],"inLanguage":"pl-PL"},{"@type":"Organization","@id":"https:\/\/www.hotelbrezovica.sk\/pl\/#organization","name":"Oravsk\u00fd H\u00e1j","url":"https:\/\/www.hotelbrezovica.sk\/pl\/","logo":{"@type":"ImageObject","inLanguage":"pl-PL","@id":"https:\/\/www.hotelbrezovica.sk\/pl\/#\/schema\/logo\/image\/","url":"https:\/\/www.hotelbrezovica.sk\/wp-content\/uploads\/2024\/11\/logo-brezovica-2026.png","contentUrl":"https:\/\/www.hotelbrezovica.sk\/wp-content\/uploads\/2024\/11\/logo-brezovica-2026.png","width":600,"height":373,"caption":"Oravsk\u00fd H\u00e1j"},"image":{"@id":"https:\/\/www.hotelbrezovica.sk\/pl\/#\/schema\/logo\/image\/"},"sameAs":["https:\/\/www.facebook.com\/brezovicahorskyhotel","https:\/\/www.instagram.com\/horsky_hotel_brezovica\/"]}]}},"_links":{"self":[{"href":"https:\/\/www.hotelbrezovica.sk\/pl\/wp-json\/wp\/v2\/pages\/15108","targetHints":{"allow":["GET"]}}],"collection":[{"href":"https:\/\/www.hotelbrezovica.sk\/pl\/wp-json\/wp\/v2\/pages"}],"about":[{"href":"https:\/\/www.hotelbrezovica.sk\/pl\/wp-json\/wp\/v2\/types\/page"}],"author":[{"embeddable":true,"href":"https:\/\/www.hotelbrezovica.sk\/pl\/wp-json\/wp\/v2\/users\/1"}],"replies":[{"embeddable":true,"href":"https:\/\/www.hotelbrezovica.sk\/pl\/wp-json\/wp\/v2\/comments?post=15108"}],"version-history":[{"count":14,"href":"https:\/\/www.hotelbrezovica.sk\/pl\/wp-json\/wp\/v2\/pages\/15108\/revisions"}],"predecessor-version":[{"id":15196,"href":"https:\/\/www.hotelbrezovica.sk\/pl\/wp-json\/wp\/v2\/pages\/15108\/revisions\/15196"}],"wp:attachment":[{"href":"https:\/\/www.hotelbrezovica.sk\/pl\/wp-json\/wp\/v2\/media?parent=15108"}],"curies":[{"name":"wp","href":"https:\/\/api.w.org\/{rel}","templated":true}]}}